{"id":618,"date":"2020-05-26T11:59:59","date_gmt":"2020-05-26T15:59:59","guid":{"rendered":"https:\/\/of.jungle.ca\/?page_id=618"},"modified":"2025-08-27T15:08:21","modified_gmt":"2025-08-27T19:08:21","slug":"administrative-team","status":"publish","type":"page","link":"https:\/\/orchestrefranco.com\/en\/mission\/administrative-team\/","title":{"rendered":"Team"},"content":{"rendered":"\n<div class=\"wp-block-genesis-blocks-gb-columns gb-layout-columns-2 gb-2-col-equal alignwide\"><div class=\"gb-layout-column-wrap gb-block-layout-column-gap-2 gb-is-responsive-column\">\n<div class=\"wp-block-genesis-blocks-gb-column gb-block-layout-column\"><div class=\"gb-block-layout-column-inner\">\n<div style=\"background-color:#f2f2f2;color:#32373c\" class=\"wp-block-genesis-blocks-gb-profile-box square gb-has-avatar gb-font-size-18 gb-block-profile gb-profile-columns\"><div class=\"gb-profile-column gb-profile-avatar-wrap\"><div class=\"gb-profile-image-wrap\"><figure class=\"gb-profile-image-square\"><img loading=\"lazy\" decoding=\"async\" width=\"2000\" height=\"2212\" class=\"gb-profile-avatar wp-image-10000\" src=\"https:\/\/orchestrefranco.com\/wp-content\/uploads\/2025\/08\/OSD-2017-HR-24_edited-1.jpg\" alt=\"\" srcset=\"https:\/\/orchestrefranco.com\/wp-content\/uploads\/2025\/08\/OSD-2017-HR-24_edited-1.jpg 2000w, https:\/\/orchestrefranco.com\/wp-content\/uploads\/2025\/08\/OSD-2017-HR-24_edited-1-271x300.jpg 271w, https:\/\/orchestrefranco.com\/wp-content\/uploads\/2025\/08\/OSD-2017-HR-24_edited-1-926x1024.jpg 926w, https:\/\/orchestrefranco.com\/wp-content\/uploads\/2025\/08\/OSD-2017-HR-24_edited-1-768x849.jpg 768w, https:\/\/orchestrefranco.com\/wp-content\/uploads\/2025\/08\/OSD-2017-HR-24_edited-1-1389x1536.jpg 1389w, https:\/\/orchestrefranco.com\/wp-content\/uploads\/2025\/08\/OSD-2017-HR-24_edited-1-1852x2048.jpg 1852w, https:\/\/orchestrefranco.com\/wp-content\/uploads\/2025\/08\/OSD-2017-HR-24_edited-1-1200x1327.jpg 1200w, https:\/\/orchestrefranco.com\/wp-content\/uploads\/2025\/08\/OSD-2017-HR-24_edited-1-1980x2190.jpg 1980w\" sizes=\"auto, (max-width: 2000px) 100vw, 2000px\" \/><\/figure><\/div><\/div><div class=\"gb-profile-column gb-profile-content-wrap\"><h2 class=\"gb-profile-name\" style=\"color:#32373c\">Julien Proulx<\/h2><p class=\"gb-profile-title\" style=\"color:#32373c\"><strong>Artistic and creative director<\/strong><\/p><div class=\"gb-profile-text\"><p>Named Artistic Director of the Year at the 2022 Opus Awards, Julien Proulx has been at the helm of the Orchestre symphonique de\u00a0Drummondville (OSD) since 2014, where his thoughtful and audacious programming has revitalized the musical life of his community. A generous and imaginative musician, his ability to think outside the box led him to explore alternative musical ventures during the pandemic, including innovative digital projects and unique concert events. By turning restrictions into opportunities, he found new ways of reaching audiences while empowering musicians to express their creativity.<br>\u00a0<br>With the OSD, Julien Proulx has twice been awarded the Prix Opus R\u00e9gions by the Conseil qu\u00e9b\u00e9cois de la musique: first in 2018 for the orchestra\u2019s <em>Prince et Tsar<\/em> concert and then in 2020 for its <em>Bel Canto <\/em>concert, two events where the vocal arts took centre stage.<br>\u00a0<br>A cellist and singer by training, he is also a renowned choral conductor, frequently leading performances of symphonic choral repertoire.<br>\u00a0<br>Julien Proulx was conductor-in-residence for the I Musici de\u00a0Montr\u00e9al chamber ensemble, working under Maestro Yuli Turovsky. He has also conducted orchestras across Canada, including the Winnipeg Symphony Orchestra, Symphony Nova Scotia, the Orchestre symphonique de\u00a0Qu\u00e9bec, the Orchestre M\u00e9tropolitain, Les Violons du\u00a0Roy, the Orchestre du\u00a0Festival international de\u00a0Lanaudi\u00e8re and the Orchestre symphonique de\u00a0Montr\u00e9al.\u00a0<br>\u00a0<br>Whether as a teacher or in his role as artistic director, Julien Proulx is always eager to mentor up\u2011and\u2011coming conductors and musicians and to share his passion for music with the public.<\/p><\/div><ul class=\"gb-social-links\"><\/ul><\/div><\/div>\n<\/div><\/div>\n\n\n\n<div class=\"wp-block-genesis-blocks-gb-column gb-block-layout-column\"><div class=\"gb-block-layout-column-inner\">\n<div style=\"background-color:#f2f2f2;color:#32373c\" class=\"wp-block-genesis-blocks-gb-profile-box square gb-has-avatar gb-font-size-18 gb-block-profile gb-profile-columns\"><div class=\"gb-profile-column gb-profile-avatar-wrap\"><div class=\"gb-profile-image-wrap\"><figure class=\"gb-profile-image-square\"><img loading=\"lazy\" decoding=\"async\" width=\"1625\" height=\"2433\" class=\"gb-profile-avatar wp-image-5665\" src=\"https:\/\/orchestrefranco.com\/wp-content\/uploads\/2023\/06\/portrait.jpg\" alt=\"\" srcset=\"https:\/\/orchestrefranco.com\/wp-content\/uploads\/2023\/06\/portrait.jpg 1625w, https:\/\/orchestrefranco.com\/wp-content\/uploads\/2023\/06\/portrait-200x300.jpg 200w, https:\/\/orchestrefranco.com\/wp-content\/uploads\/2023\/06\/portrait-684x1024.jpg 684w, https:\/\/orchestrefranco.com\/wp-content\/uploads\/2023\/06\/portrait-768x1150.jpg 768w, https:\/\/orchestrefranco.com\/wp-content\/uploads\/2023\/06\/portrait-1026x1536.jpg 1026w, https:\/\/orchestrefranco.com\/wp-content\/uploads\/2023\/06\/portrait-1368x2048.jpg 1368w, https:\/\/orchestrefranco.com\/wp-content\/uploads\/2023\/06\/portrait-1200x1797.jpg 1200w\" sizes=\"auto, (max-width: 1625px) 100vw, 1625px\" \/><\/figure><\/div><\/div><div class=\"gb-profile-column gb-profile-content-wrap\"><h2 class=\"gb-profile-name\" style=\"color:#32373c\">Clovis Chartier<\/h2><p class=\"gb-profile-title\" style=\"color:#32373c\"><strong>Artistic and educational coordinator<\/strong><\/p><div class=\"gb-profile-text\"><p>Student in musicology, Clovis Chartier is passionate about the world of music. His journey has allowed him to participate in diverse projects ranging from sound technology to musical performance. As a horn player, he is involved in the musical life through his participation in the University of Montreal orchestra as well as several personal projects. <\/p><p>However, it is truly through his involvement in the field of musicology that he stands out. His unique vision of the music industry is characterized both by his love for classical music and a social perspective. Indeed, his involvement in the field of music mediation allows him to have a unique viewpoint on the place of music in society.<\/p><\/div><ul class=\"gb-social-links\"><\/ul><\/div><\/div>\n\n\n\n<div style=\"background-color:#f2f2f2;color:#32373c\" class=\"wp-block-genesis-blocks-gb-profile-box square gb-has-avatar gb-font-size-18 gb-block-profile gb-profile-columns\"><div class=\"gb-profile-column gb-profile-avatar-wrap\"><div class=\"gb-profile-image-wrap\"><figure class=\"gb-profile-image-square\"><img loading=\"lazy\" decoding=\"async\" width=\"1707\" height=\"2560\" class=\"gb-profile-avatar wp-image-9190\" src=\"https:\/\/orchestrefranco.com\/wp-content\/uploads\/2025\/04\/IMG_9039-scaled.jpeg\" alt=\"\" srcset=\"https:\/\/orchestrefranco.com\/wp-content\/uploads\/2025\/04\/IMG_9039-scaled.jpeg 1707w, https:\/\/orchestrefranco.com\/wp-content\/uploads\/2025\/04\/IMG_9039-200x300.jpeg 200w, https:\/\/orchestrefranco.com\/wp-content\/uploads\/2025\/04\/IMG_9039-683x1024.jpeg 683w, https:\/\/orchestrefranco.com\/wp-content\/uploads\/2025\/04\/IMG_9039-768x1152.jpeg 768w, https:\/\/orchestrefranco.com\/wp-content\/uploads\/2025\/04\/IMG_9039-1024x1536.jpeg 1024w, https:\/\/orchestrefranco.com\/wp-content\/uploads\/2025\/04\/IMG_9039-1365x2048.jpeg 1365w, https:\/\/orchestrefranco.com\/wp-content\/uploads\/2025\/04\/IMG_9039-1200x1800.jpeg 1200w, https:\/\/orchestrefranco.com\/wp-content\/uploads\/2025\/04\/IMG_9039-1980x2970.jpeg 1980w\" sizes=\"auto, (max-width: 1707px) 100vw, 1707px\" \/><\/figure><\/div><\/div><div class=\"gb-profile-column gb-profile-content-wrap\"><h2 class=\"gb-profile-name\" style=\"color:#32373c\">Isabelle Cloutier<\/h2><p class=\"gb-profile-title\" style=\"color:#32373c\"><strong>Orchestra manager and music librariane<\/strong><\/p><div class=\"gb-profile-text\"><p>Pursuing her passion for music at university level, Isabelle Cloutier stands out for her musicality and curiosity. Very young, she first discovered music through piano classes, and at the age of ten, she started learning clarinet which she had the chance to enrich her musical knowledge through various school ensembles and musical camps. Studying with Fran\u00e7ois Martel, she completed her college diploma at Saint-Laurent CEGEP. In the fall 2022, Isabelle began her undergraduate studies at Universit\u00e9 de Montr\u00e9al with Martin Carpentier, with the intention of deepening her instrumental playing and gaining orchestral experience. She is also principal clarinet with the Mount-Royal Youth Orchestra. Alongside her studies, Isabelle is involved in her academic environment, particularly in her student association, first as a member of the student life committee in 2023, then as co-president the following year. She also coordinates student laboratory activities for the \u00c9tude partenariale en m\u00e9diation de la musique (EPMM). During her time at EPMM, she had the opportunity to develop music outreach activities in collaboration with her colleagues, to help classical music reach a variety of audiences. With a desire to broaden her horizons in cultural management, Isabelle has been working for the Orchestre de la Francophonie since 2024, holding the position of music librarian and orchestra manager.<\/p><\/div><ul class=\"gb-social-links\"><\/ul><\/div><\/div>\n\n\n\n<div style=\"background-color:#f2f2f2;color:#32373c\" class=\"wp-block-genesis-blocks-gb-profile-box square gb-has-avatar gb-font-size-18 gb-block-profile gb-profile-columns\"><div class=\"gb-profile-column gb-profile-avatar-wrap\"><div class=\"gb-profile-image-wrap\"><figure class=\"gb-profile-image-square\"><img loading=\"lazy\" decoding=\"async\" width=\"300\" height=\"300\" class=\"gb-profile-avatar wp-image-611\" src=\"https:\/\/orchestrefranco.com\/wp-content\/uploads\/2020\/05\/Chris_Lawson-for-NB.jpg\" alt=\"\" srcset=\"https:\/\/orchestrefranco.com\/wp-content\/uploads\/2020\/05\/Chris_Lawson-for-NB.jpg 300w, https:\/\/orchestrefranco.com\/wp-content\/uploads\/2020\/05\/Chris_Lawson-for-NB-150x150.jpg 150w\" sizes=\"auto, (max-width: 300px) 100vw, 300px\" \/><\/figure><\/div><\/div><div class=\"gb-profile-column gb-profile-content-wrap\"><h2 class=\"gb-profile-name\" style=\"color:#32373c\">Chris Lawson<\/h2><p class=\"gb-profile-title\" style=\"color:#32373c\"><strong>Website producer<\/strong><\/p><div class=\"gb-profile-text\"><p>Based in Ottawa, Lawson has been producing websites since 1996, mostly for non-profit and civil society organizations. He has a background in communications and journalism as well as significant experience in adult education.<\/p><\/div><ul class=\"gb-social-links\"><li><a href=\"https:\/\/jungle.ca\" target=\"_blank\" rel=\"noopener noreferrer\" style=\"background-color:#392f43\" aria-label=\"Website\"><svg aria-labelledby=\"gb-link-website-51f3fe7f-8165-4c86-8417-40f124d87fcf\" role=\"img\" xmlns=\"http:\/\/www.w3.org\/2000\/svg\" viewBox=\"0 0 512 512\"><title id=\"gb-link-website-51f3fe7f-8165-4c86-8417-40f124d87fcf\">Visit Website (opens in a new tab)<\/title><path fill=\"#fff\" d=\"M326.612 185.391c59.747 59.809 58.927 155.698.36 214.59-.11.12-.24.25-.36.37l-67.2 67.2c-59.27 59.27-155.699 59.262-214.96 0-59.27-59.26-59.27-155.7 0-214.96l37.106-37.106c9.84-9.84 26.786-3.3 27.294 10.606.648 17.722 3.826 35.527 9.69 52.721 1.986 5.822.567 12.262-3.783 16.612l-13.087 13.087c-28.026 28.026-28.905 73.66-1.155 101.96 28.024 28.579 74.086 28.749 102.325.51l67.2-67.19c28.191-28.191 28.073-73.757 0-101.83-3.701-3.694-7.429-6.564-10.341-8.569a16.037 16.037 0 0 1-6.947-12.606c-.396-10.567 3.348-21.456 11.698-29.806l21.054-21.055c5.521-5.521 14.182-6.199 20.584-1.731a152.482 152.482 0 0 1 20.522 17.197zM467.547 44.449c-59.261-59.262-155.69-59.27-214.96 0l-67.2 67.2c-.12.12-.25.25-.36.37-58.566 58.892-59.387 154.781.36 214.59a152.454 152.454 0 0 0 20.521 17.196c6.402 4.468 15.064 3.789 20.584-1.731l21.054-21.055c8.35-8.35 12.094-19.239 11.698-29.806a16.037 16.037 0 0 0-6.947-12.606c-2.912-2.005-6.64-4.875-10.341-8.569-28.073-28.073-28.191-73.639 0-101.83l67.2-67.19c28.239-28.239 74.3-28.069 102.325.51 27.75 28.3 26.872 73.934-1.155 101.96l-13.087 13.087c-4.35 4.35-5.769 10.79-3.783 16.612 5.864 17.194 9.042 34.999 9.69 52.721.509 13.906 17.454 20.446 27.294 10.606l37.106-37.106c59.271-59.259 59.271-155.699.001-214.959z\"><\/path><\/svg><\/a><\/li><li><a href=\"https:\/\/twitter.com\/cmkl\" target=\"_blank\" rel=\"noopener noreferrer\" style=\"background-color:#392f43\" aria-label=\"Twitter\"><svg aria-labelledby=\"gb-link-twitter-51f3fe7f-8165-4c86-8417-40f124d87fcf\" role=\"img\" xmlns=\"http:\/\/www.w3.org\/2000\/svg\" viewBox=\"0 0 24 24\"><title id=\"gb-link-twitter-51f3fe7f-8165-4c86-8417-40f124d87fcf\">Visit Twitter account (opens in a new tab)<\/title><path fill=\"#fff\" d=\"M23.953 4.57a10 10 0 01-2.825.775 4.958 4.958 0 002.163-2.723c-.951.555-2.005.959-3.127 1.184a4.92 4.92 0 00-8.384 4.482C7.69 8.095 4.067 6.13 1.64 3.162a4.822 4.822 0 00-.666 2.475c0 1.71.87 3.213 2.188 4.096a4.904 4.904 0 01-2.228-.616v.06a4.923 4.923 0 003.946 4.827 4.996 4.996 0 01-2.212.085 4.936 4.936 0 004.604 3.417 9.867 9.867 0 01-6.102 2.105c-.39 0-.779-.023-1.17-.067a13.995 13.995 0 007.557 2.209c9.053 0 13.998-7.496 13.998-13.985 0-.21 0-.42-.015-.63A9.935 9.935 0 0024 4.59z\"><\/path><\/svg><\/a><\/li><li><a href=\"https:\/\/www.facebook.com\/cmkl.chris.lawson\" target=\"_blank\" rel=\"noopener noreferrer\" style=\"background-color:#392f43\" aria-label=\"Facebook\"><svg aria-labelledby=\"gb-link-facebook-51f3fe7f-8165-4c86-8417-40f124d87fcf\" role=\"img\" xmlns=\"http:\/\/www.w3.org\/2000\/svg\" viewBox=\"0 0 24 24\"><title id=\"gb-link-facebook-51f3fe7f-8165-4c86-8417-40f124d87fcf\">Visit Facebook account (opens in a new tab)<\/title><path fill=\"#fff\" d=\"M24 12.073c0-6.627-5.373-12-12-12s-12 5.373-12 12c0 5.99 4.388 10.954 10.125 11.854v-8.385H7.078v-3.47h3.047V9.43c0-3.007 1.792-4.669 4.533-4.669 1.312 0 2.686.235 2.686.235v2.953H15.83c-1.491 0-1.956.925-1.956 1.874v2.25h3.328l-.532 3.47h-2.796v8.385C19.612 23.027 24 18.062 24 12.073z\"><\/path><\/svg><\/a><\/li><li><a href=\"https:\/\/www.instagram.com\/cmkl\/\" target=\"_blank\" rel=\"noopener noreferrer\" style=\"background-color:#392f43\" aria-label=\"Instagram\"><svg aria-labelledby=\"gb-link-instagram-51f3fe7f-8165-4c86-8417-40f124d87fcf\" role=\"img\" viewBox=\"0 0 24 24\" xmlns=\"http:\/\/www.w3.org\/2000\/svg\"><title id=\"gb-link-instagram-51f3fe7f-8165-4c86-8417-40f124d87fcf\">Visit Instagram account (opens in a new tab)<\/title><path fill=\"#fff\" d=\"M12 0C8.74 0 8.333.015 7.053.072 5.775.132 4.905.333 4.14.63c-.789.306-1.459.717-2.126 1.384S.935 3.35.63 4.14C.333 4.905.131 5.775.072 7.053.012 8.333 0 8.74 0 12s.015 3.667.072 4.947c.06 1.277.261 2.148.558 2.913.306.788.717 1.459 1.384 2.126.667.666 1.336 1.079 2.126 1.384.766.296 1.636.499 2.913.558C8.333 23.988 8.74 24 12 24s3.667-.015 4.947-.072c1.277-.06 2.148-.262 2.913-.558.788-.306 1.459-.718 2.126-1.384.666-.667 1.079-1.335 1.384-2.126.296-.765.499-1.636.558-2.913.06-1.28.072-1.687.072-4.947s-.015-3.667-.072-4.947c-.06-1.277-.262-2.149-.558-2.913-.306-.789-.718-1.459-1.384-2.126C21.319 1.347 20.651.935 19.86.63c-.765-.297-1.636-.499-2.913-.558C15.667.012 15.26 0 12 0zm0 2.16c3.203 0 3.585.016 4.85.071 1.17.055 1.805.249 2.227.415.562.217.96.477 1.382.896.419.42.679.819.896 1.381.164.422.36 1.057.413 2.227.057 1.266.07 1.646.07 4.85s-.015 3.585-.074 4.85c-.061 1.17-.256 1.805-.421 2.227-.224.562-.479.96-.899 1.382-.419.419-.824.679-1.38.896-.42.164-1.065.36-2.235.413-1.274.057-1.649.07-4.859.07-3.211 0-3.586-.015-4.859-.074-1.171-.061-1.816-.256-2.236-.421-.569-.224-.96-.479-1.379-.899-.421-.419-.69-.824-.9-1.38-.165-.42-.359-1.065-.42-2.235-.045-1.26-.061-1.649-.061-4.844 0-3.196.016-3.586.061-4.861.061-1.17.255-1.814.42-2.234.21-.57.479-.96.9-1.381.419-.419.81-.689 1.379-.898.42-.166 1.051-.361 2.221-.421 1.275-.045 1.65-.06 4.859-.06l.045.03zm0 3.678c-3.405 0-6.162 2.76-6.162 6.162 0 3.405 2.76 6.162 6.162 6.162 3.405 0 6.162-2.76 6.162-6.162 0-3.405-2.76-6.162-6.162-6.162zM12 16c-2.21 0-4-1.79-4-4s1.79-4 4-4 4 1.79 4 4-1.79 4-4 4zm7.846-10.405c0 .795-.646 1.44-1.44 1.44-.795 0-1.44-.646-1.44-1.44 0-.794.646-1.439 1.44-1.439.793-.001 1.44.645 1.44 1.439z\"><\/path><\/svg><\/a><\/li><li><a href=\"https:\/\/www.linkedin.com\/in\/chris-lawson-647534b9\/\" target=\"_blank\" rel=\"noopener noreferrer\" style=\"background-color:#392f43\" aria-label=\"LinkedIn\"><svg aria-labelledby=\"gb-link-linkedin-51f3fe7f-8165-4c86-8417-40f124d87fcf\" role=\"img\" viewBox=\"0 0 24 24\" xmlns=\"http:\/\/www.w3.org\/2000\/svg\"><title id=\"gb-link-linkedin-51f3fe7f-8165-4c86-8417-40f124d87fcf\">Visit LinkedIn account (opens in a new tab)<\/title><path fill=\"#fff\" d=\"M20.447 20.452h-3.554v-5.569c0-1.328-.027-3.037-1.852-3.037-1.853 0-2.136 1.445-2.136 2.939v5.667H9.351V9h3.414v1.561h.046c.477-.9 1.637-1.85 3.37-1.85 3.601 0 4.267 2.37 4.267 5.455v6.286zM5.337 7.433c-1.144 0-2.063-.926-2.063-2.065 0-1.138.92-2.063 2.063-2.063 1.14 0 2.064.925 2.064 2.063 0 1.139-.925 2.065-2.064 2.065zm1.782 13.019H3.555V9h3.564v11.452zM22.225 0H1.771C.792 0 0 .774 0 1.729v20.542C0 23.227.792 24 1.771 24h20.451C23.2 24 24 23.227 24 22.271V1.729C24 .774 23.2 0 22.222 0h.003z\"><\/path><\/svg><\/a><\/li><\/ul><\/div><\/div>\n<\/div><\/div>\n<\/div><\/div>\n","protected":false},"excerpt":{"rendered":"","protected":false},"author":1,"featured_media":0,"parent":70,"menu_order":0,"comment_status":"closed","ping_status":"closed","template":"templates\/template-full-width.php","meta":{"_acf_changed":false,"_monsterinsights_skip_tracking":false,"_monsterinsights_sitenote_active":false,"_monsterinsights_sitenote_note":"","_monsterinsights_sitenote_category":0,"footnotes":""},"class_list":["post-618","page","type-page","status-publish","hentry"],"acf":[],"featured_image_src":null,"featured_image_src_square":null,"_links":{"self":[{"href":"https:\/\/orchestrefranco.com\/en\/wp-json\/wp\/v2\/pages\/618","targetHints":{"allow":["GET"]}}],"collection":[{"href":"https:\/\/orchestrefranco.com\/en\/wp-json\/wp\/v2\/pages"}],"about":[{"href":"https:\/\/orchestrefranco.com\/en\/wp-json\/wp\/v2\/types\/page"}],"author":[{"embeddable":true,"href":"https:\/\/orchestrefranco.com\/en\/wp-json\/wp\/v2\/users\/1"}],"replies":[{"embeddable":true,"href":"https:\/\/orchestrefranco.com\/en\/wp-json\/wp\/v2\/comments?post=618"}],"version-history":[{"count":52,"href":"https:\/\/orchestrefranco.com\/en\/wp-json\/wp\/v2\/pages\/618\/revisions"}],"predecessor-version":[{"id":10265,"href":"https:\/\/orchestrefranco.com\/en\/wp-json\/wp\/v2\/pages\/618\/revisions\/10265"}],"up":[{"embeddable":true,"href":"https:\/\/orchestrefranco.com\/en\/wp-json\/wp\/v2\/pages\/70"}],"wp:attachment":[{"href":"https:\/\/orchestrefranco.com\/en\/wp-json\/wp\/v2\/media?parent=618"}],"curies":[{"name":"wp","href":"https:\/\/api.w.org\/{rel}","templated":true}]}}